{"id":58,"date":"2024-07-25T12:57:40","date_gmt":"2024-07-25T12:57:40","guid":{"rendered":"http:\/\/dorfplatz.zeitmaschinchen.de\/?page_id=58"},"modified":"2025-05-28T08:49:37","modified_gmt":"2025-05-28T08:49:37","slug":"ueber-das-projekt","status":"publish","type":"page","link":"https:\/\/zeitmaschinchen.de\/dorfplatz\/ueber-das-projekt\/","title":{"rendered":"\u00dcber das Projekt"},"content":{"rendered":"\n<article class=\"impressum-content page-padding\">\n<h1 class=\"wp-block-heading\">\u00dcber das Projekt<\/h1>\n\n\n\n<p>Vielen Menschen bleibt es aufgrund unterschiedlicher Einschr\u00e4nkungen in der Mobilit\u00e4t verwehrt, ein Museumsgeb\u00e4ude von innen zu erleben. Zu hoch sind die Schwellen, zu eng und steil die Treppen. Die historische Originalsubstanz verbietet eine architektonische Umr\u00fcstung. Wie aber l\u00e4sst sich das Innenleben eines Geb\u00e4udes nach drau\u00dfen, zu den Leuten, bringen?<\/p>\n\n\n\n<p>Das Fundament des \u201ezeitmaschinchens\u201c konnte in dem F\u00f6rderprogramm \u201eMuseen im Wandel III\u201c gelegt werden. Mit Unterst\u00fctzung des Ministeriums f\u00fcr Wissenschaft, Forschung und Kunst Baden-W\u00fcrttemberg begleitete hier die Medien- und Filmgesellschaft Baden-W\u00fcrttemberg (MFG) zwischen 2022 und 2024 vier Museen bei der Entwicklung und Umsetzung publikumsorientierter digitaler L\u00f6sungen. Im Rahmen dieses F\u00f6rderprogramms konzipierte das Freilichtmuseum Neuhausen ob Eck ein digitales Angebot, das der mangelnden Barrierefreiheit im Freilichtmuseum einen echten Erlebnis-Mehrwert entgegenstellt.<\/p>\n\n\n\n<p>Aus den in \u201eMuseum im Wandel III\u201c erarbeiteten Grundlagen erwuchs das \u201ezeitmaschinchen\u201c in seiner heutigen Form. Es war die Agentur Erdm\u00e4nnchen &amp; B\u00e4r aus Heidelberg &#8211; auf inklusive Lernangebote und digitale Teilhabe spezialisiert -, die bei der endg\u00fcltigen Realisierung die entscheidenden Impulse setzte. Die Inhalte erfuhren eine Gestaltung, die sich an der Zielgruppe orientiert. Testings mit Betroffenen halfen zu erkennen, ob die Konzepte und Vorhaben auch wirklich am Ziel ankommen. <\/p>\n\n\n\n<figure class=\"wp-block-image size-full is-resized\"><img loading=\"lazy\" decoding=\"async\" width=\"2048\" height=\"1536\" src=\"https:\/\/zeitmaschinchen.de\/dorfplatz\/wp-content\/uploads\/2025\/05\/IMG_2293-min.jpeg\" alt=\"Das Bild zeigt eine kleine Gruppe von Menschen, die vor einem historischen Kaufhaus im Freilichtmuseum auf einfachen Holzb\u00e4nken sitzt. Eine Person steht vor dem Laden und spricht zur Gruppe. Neben dem Eingangsbereich sitzt eine weitere Person mit Laptop an einem Tisch. Vorne im Bild steht ein Rollator. Die Szene spielt an einem teils sonnigen, teils bew\u00f6lkten Tag.\" class=\"wp-image-1558\" style=\"width:500px\" srcset=\"https:\/\/zeitmaschinchen.de\/dorfplatz\/wp-content\/uploads\/2025\/05\/IMG_2293-min.jpeg 2048w, https:\/\/zeitmaschinchen.de\/dorfplatz\/wp-content\/uploads\/2025\/05\/IMG_2293-min-300x225.jpeg 300w, https:\/\/zeitmaschinchen.de\/dorfplatz\/wp-content\/uploads\/2025\/05\/IMG_2293-min-1024x768.jpeg 1024w, https:\/\/zeitmaschinchen.de\/dorfplatz\/wp-content\/uploads\/2025\/05\/IMG_2293-min-768x576.jpeg 768w, https:\/\/zeitmaschinchen.de\/dorfplatz\/wp-content\/uploads\/2025\/05\/IMG_2293-min-1536x1152.jpeg 1536w\" sizes=\"auto, (max-width: 2048px) 100vw, 2048px\" \/><\/figure>\n\n\n\n<div style=\"height:50px\" aria-hidden=\"true\" class=\"wp-block-spacer\"><\/div>\n\n\n\n<p>Auf diesem Weg lie\u00df sich das \u201ezeitmaschinchen\u201c aus einzelnen Modulen schlussendlich zum gebrauchsfertigen Werkzeug f\u00fcr alle Besucher zusammenmontieren \u2013 f\u00fcr Menschen mit Einschr\u00e4nkungen ebenso wie f\u00fcr Einzelbesucher ohne Museumsf\u00fchrung. Das Werkzeug n\u00fctzt allen Besuchern, da es in der Lage ist, einerseits das Innenleben eines Geb\u00e4udes nach au\u00dfen zu bringen, andererseits auch im Geb\u00e4ude selbst dessen Eigent\u00fcmlichkeiten erst richtig aufscheinen zu lassen.<\/p>\n\n\n\n<figure class=\"wp-block-image size-full is-resized\"><img loading=\"lazy\" decoding=\"async\" width=\"2048\" height=\"1536\" src=\"https:\/\/zeitmaschinchen.de\/dorfplatz\/wp-content\/uploads\/2025\/05\/IMG_2616-min.jpeg\" alt=\"Das Bild zeigt eine professionelle Videoproduktion in einem historischen Klassenzimmer. Ein \u00e4lterer Mann steht vor alten Holzschultischen und spricht in die Kamera. Eine zweite Person mit Tablet betreut die Aufnahme. Im Vordergrund sind Kamera, Licht- und Tontechnik sichtbar, die auf Stativen aufgebaut sind. Durch die Fenster f\u00e4llt Tageslicht auf die Szene.\" class=\"wp-image-1559\" style=\"width:500px\" srcset=\"https:\/\/zeitmaschinchen.de\/dorfplatz\/wp-content\/uploads\/2025\/05\/IMG_2616-min.jpeg 2048w, https:\/\/zeitmaschinchen.de\/dorfplatz\/wp-content\/uploads\/2025\/05\/IMG_2616-min-300x225.jpeg 300w, https:\/\/zeitmaschinchen.de\/dorfplatz\/wp-content\/uploads\/2025\/05\/IMG_2616-min-1024x768.jpeg 1024w, https:\/\/zeitmaschinchen.de\/dorfplatz\/wp-content\/uploads\/2025\/05\/IMG_2616-min-768x576.jpeg 768w, https:\/\/zeitmaschinchen.de\/dorfplatz\/wp-content\/uploads\/2025\/05\/IMG_2616-min-1536x1152.jpeg 1536w\" sizes=\"auto, (max-width: 2048px) 100vw, 2048px\" \/><\/figure>\n\n\n\n<div style=\"height:50px\" aria-hidden=\"true\" class=\"wp-block-spacer\"><\/div>\n\n\n\n<p>Mit Hilfe der Webseite lassen sich nun einzelne Geb\u00e4ude von au\u00dfen durchleuchten. Texte, Fotos und Zeichnungen wechseln sich dabei ab. Zeitzeugen erz\u00e4hlen aus der Erinnerung in kurzen Filmen. Die Besucher gewinnen so in leichten Schritten einen \u00dcberblick \u00fcber die Geschichte des Hauses, durchdringen aber auch dessen Innenleben bis in einzelne Objekte hinein. Zum aktuellen Zeitpunkt pr\u00e4sentieren sich die vier prominentesten Geb\u00e4ude des Museums, rund um den Dorfplatz gelegen, in digitalem Gewand: die Kirche, das Kaufhaus Pfeiffer, das Schul- und Rathaus und das Bauernhaus Biehle. Die Texte finden sich alle auch in Leichter Sprache hinterlegt. Videos mit Geb\u00e4rdensprache werden in n\u00e4chster Zeit umgesetzt.<\/p>\n\n\n\n<p>Und nicht zuletzt: Alle \u00fcbrigen 22 Geb\u00e4ude des Freilichtmuseums warten schon darauf, sich vom \u201ezeitmaschinchen\u201c digital bereisen zu lassen.<\/p>\n<\/article>\n\n\n\n<p><\/p>\n","protected":false},"excerpt":{"rendered":"","protected":false},"author":1,"featured_media":0,"parent":0,"menu_order":0,"comment_status":"closed","ping_status":"closed","template":"","meta":{"_acf_changed":false,"slim_seo":{"title":"\u00dcber das Projekt - Zeitmaschinchen","description":""},"iawp_total_views":50,"footnotes":""},"class_list":["post-58","page","type-page","status-publish","hentry"],"acf":[],"_links":{"self":[{"href":"https:\/\/zeitmaschinchen.de\/dorfplatz\/wp-json\/wp\/v2\/pages\/58","targetHints":{"allow":["GET"]}}],"collection":[{"href":"https:\/\/zeitmaschinchen.de\/dorfplatz\/wp-json\/wp\/v2\/pages"}],"about":[{"href":"https:\/\/zeitmaschinchen.de\/dorfplatz\/wp-json\/wp\/v2\/types\/page"}],"author":[{"embeddable":true,"href":"https:\/\/zeitmaschinchen.de\/dorfplatz\/wp-json\/wp\/v2\/users\/1"}],"replies":[{"embeddable":true,"href":"https:\/\/zeitmaschinchen.de\/dorfplatz\/wp-json\/wp\/v2\/comments?post=58"}],"version-history":[{"count":9,"href":"https:\/\/zeitmaschinchen.de\/dorfplatz\/wp-json\/wp\/v2\/pages\/58\/revisions"}],"predecessor-version":[{"id":1564,"href":"https:\/\/zeitmaschinchen.de\/dorfplatz\/wp-json\/wp\/v2\/pages\/58\/revisions\/1564"}],"wp:attachment":[{"href":"https:\/\/zeitmaschinchen.de\/dorfplatz\/wp-json\/wp\/v2\/media?parent=58"}],"curies":[{"name":"wp","href":"https:\/\/api.w.org\/{rel}","templated":true}]}}