{"id":64,"date":"2024-07-25T12:58:29","date_gmt":"2024-07-25T12:58:29","guid":{"rendered":"http:\/\/dorfplatz.zeitmaschinchen.de\/?page_id=64"},"modified":"2025-01-06T13:20:31","modified_gmt":"2025-01-06T13:20:31","slug":"erklaerung-zur-barrierefreiheit","status":"publish","type":"page","link":"https:\/\/zeitmaschinchen.de\/dorfplatz\/erklaerung-zur-barrierefreiheit\/","title":{"rendered":"Erkl\u00e4rung zur Barrierefreiheit"},"content":{"rendered":"\n<article class=\"page-padding impressum-content\">\n<h1 class=\"page-title\">Erkl\u00e4rung zur Barrierefreiheit<\/h1>\n<div class=\"page-entry\">\n<p>Das Freilichtmuseum Neuhausen ob Eck ist bem\u00fcht, sein Online-Angebot in Einklang mit \u00a7 10 Landesgesetz zur Gleichstellung von Menschen mit Behinderung (L-BGG), der Verordnung des Sozialministeriums und des Innenministeriums zur Durchf\u00fchrung des Landes Behindertengleichstellungsgesetzes (L-BGG-DVO) und den technischen Anforderungen aus der Barrierefreie-Informationstechnik-Verordnung (BITV 2.0) in der Fassung vom 21. Mai 2019 barrierefrei zug\u00e4nglich zu machen.<\/p>\n<\/div>\n<div>\n<div>\n<p>Diese Erkl\u00e4rung zur Barrierefreiheit gilt f\u00fcr die Website www.zeitmaschinchen.de\u00a0<\/p>\n<\/div>\n<div>\n<h3>1. Stand der Barrierefreiheit<\/h3>\n<p>Unsere Webseite wird orientiert an den internationalen Richtlinien der\u00a0<a href=\"https:\/\/www.w3.org\/TR\/WCAG22\/\" target=\"_blank\" rel=\"noopener\">Web Content Accessibility Guidelines (WCAG 2.2)<\/a>\u00a0sowie der\u00a0<a href=\"https:\/\/www.gesetze-im-internet.de\/bitv_2_0\/BJNR184300011.html\" target=\"_blank\" rel=\"noopener\"><span class=\"jnkurzueamtabk\">Barrierefreie-Informationstechnik-Verordnung (BITV 2.0)<\/span><\/a>\u00a0entwickelt und gepflegt.<\/p>\n<p>Darunter fallen neben technischer Umsetzungen verschiedene Ma\u00dfnahmen:<\/p>\n<ul>\n<li>Mehrere Seiten in zertifizierter Leichter Sprache\n<ul>\n<li>Die Texte wurden vom <a href=\"https:\/\/lebenshilfe-heidelberg.de\/ueber-uns\/buero-fuer-leichte-sprache\/\" target=\"_blank\" rel=\"noopener noreferrer\">B\u00fcro f\u00fcr Leichte Sprache Heidelberg<\/a>\u00a0der Lebenshilfe Heidelberg e.V. \u00fcbersetzt und zertifiziert.<\/li>\n<\/ul>\n<\/li>\n<li>Eine alternative Navigation bietet Ihnen unsere Sitemap. Diese finden Sie im Footer Bereich der Webseite oder \u00fcber folgenden Link:\u00a0<a href=\"https:\/\/zeitmaschinchen.de\/dorfplatz\/sitemap\/\">Sitemap<\/a><\/li>\n<li>Verwendung von HTML-Tags und klarer Seitenstruktur<\/li>\n<li>Einfaches und klares Design<\/li>\n<li>Verwenden von Alternativ-Texten f\u00fcr Bilder<\/li>\n<li>Links \u00f6ffnen in einem neuem Fenster<\/li>\n<li>Eingesetzte Kontraste orientieren sich an den Richtlinien der WCAG 2.2.<\/li>\n<li>Videos sind mit Untertiteln in deutscher Sprache versehen<\/li>\n<\/ul>\n<p>Falls Sie beim Besuch unserer Webseite auf Barrieren sto\u00dfen oder Verbesserungsvorschl\u00e4ge haben, z\u00f6gern Sie nicht, uns per E-Mail zu kontaktieren:<\/p>\n<p><a title=\"E-Mail schreiben\" href=\"mailto:info@freilichtmuseum-neuhausen.de\">info@freilichtmuseum-neuhausen.de<\/a><\/p>\n<h3>2. Nicht barrierefreie Inhalte<\/h3>\n<ul class=\" ikiss-unordered-list\">\n<li>Videoes in Deutscher Geb\u00e4rdensprache fehlen.<\/li>\n<\/ul>\n<p>Weitere Erl\u00e4uterungen in Deutscher Geb\u00e4rdensprache werden so schnell wie m\u00f6glich zur Verf\u00fcgung gestellt.<\/p>\n<h3>3. Letzte Aktualisierung dieser Erkl\u00e4rung zur Barrierefreiheit<\/h3>\n<p>Diese Erkl\u00e4rung wurde zuletzt am 06.01.2025 aktualisiert. Die Aussagen bez\u00fcglich der Vereinbarkeit mit den Barrierefreiheitsanforderungen in dieser Erkl\u00e4rung beruhen auf einer Selbstbewertung.<\/p>\n<h3>4. R\u00fcckmeldung und Kontaktangaben<\/h3>\n<p>Wenn Sie nicht barrierefreie Inhalte vorfinden und diese Informationen in barrierefreier Form ben\u00f6tigen, so nehmen Sie bitte per E-Mail Kontakt mit uns auf und teilen Sie uns den Titel der Ver\u00f6ffentlichung mit. Wir werden Ihnen das Dokument dann nach M\u00f6glichkeit in zug\u00e4nglicher Form \u00fcbermitteln.<\/p>\n<p>E-Mail: <a title=\"E-Mail schreiben\" href=\"mailto:info@freilichtmuseum-neuhausen.de\">info@freilichtmuseum-neuhausen.de<\/a><\/p>\n<h3>5. Durchsetzungsverfahren<\/h3>\n<p>Um zu gew\u00e4hrleisten, dass diese Webseite den in \u00a7 10 Absatz 1 L-BGG beschriebenen Anforderungen gen\u00fcgen, k\u00f6nnen Sie sich an das Freilichtmuseum Neuhausen ob Eck wenden und eine entsprechende R\u00fcckmeldung geben. Die entsprechenden Kontaktdaten finden Sie unter Ziffer 4 dieser Erkl\u00e4rung.<\/p>\n<p>Falls das Freilichtmuseum Neuhausen ob Eck nicht innerhalb der in \u00a7 8 Satz 1 L-BGG-DVO vorgesehenen Frist auf Ihre Anfrage antwortet, k\u00f6nnen Sie sich an die Beauftragte der Landesregierung f\u00fcr die Belange von Menschen mit Behinderungen oder an die kommunalen Beauftragten f\u00fcr die Belange von Menschen mit Behinderungen im Rahmen der in \u00a7 14 Absatz 2 Satz 2 L-BGG und \u00a7 15 Absatz 3 Satz 2 L-BGG beschriebenen Ombudsfunktion wenden.<\/p>\n<p>Die Beauftragte der Landesregierung f\u00fcr die Belange von Menschen mit Behinderungen k\u00f6nnen Sie wie folgt erreichen:<\/p>\n<p>Landes-Behindertenbeauftragte Simone Fischer<br \/>Gesch\u00e4ftsstelle der Landes-Behindertenbeauftragten:<br \/>Else-Josenhans-Stra\u00dfe 6<br \/>70173 Stuttgart<br \/>Telefon: 0711-279-3360<br \/>E-Mail:\u00a0poststelle@bfbmb.bwl.de\u00a0<\/p>\n<p>Auf die M\u00f6glichkeit des Verbandsklagerechts nach \u00a7 12 Absatz 1 Satz 1 Nummer 4 L-BGG wird hingewiesen.<\/p>\n<\/div>\n<\/div>\n<\/article>\n","protected":false},"excerpt":{"rendered":"","protected":false},"author":1,"featured_media":0,"parent":0,"menu_order":0,"comment_status":"closed","ping_status":"closed","template":"","meta":{"_acf_changed":false,"slim_seo":{"title":"Erkl\u00e4rung zur Barrierefreiheit - Zeitmaschinchen","description":""},"iawp_total_views":15,"footnotes":""},"class_list":["post-64","page","type-page","status-publish","hentry"],"acf":[],"_links":{"self":[{"href":"https:\/\/zeitmaschinchen.de\/dorfplatz\/wp-json\/wp\/v2\/pages\/64","targetHints":{"allow":["GET"]}}],"collection":[{"href":"https:\/\/zeitmaschinchen.de\/dorfplatz\/wp-json\/wp\/v2\/pages"}],"about":[{"href":"https:\/\/zeitmaschinchen.de\/dorfplatz\/wp-json\/wp\/v2\/types\/page"}],"author":[{"embeddable":true,"href":"https:\/\/zeitmaschinchen.de\/dorfplatz\/wp-json\/wp\/v2\/users\/1"}],"replies":[{"embeddable":true,"href":"https:\/\/zeitmaschinchen.de\/dorfplatz\/wp-json\/wp\/v2\/comments?post=64"}],"version-history":[{"count":0,"href":"https:\/\/zeitmaschinchen.de\/dorfplatz\/wp-json\/wp\/v2\/pages\/64\/revisions"}],"wp:attachment":[{"href":"https:\/\/zeitmaschinchen.de\/dorfplatz\/wp-json\/wp\/v2\/media?parent=64"}],"curies":[{"name":"wp","href":"https:\/\/api.w.org\/{rel}","templated":true}]}}