{"id":70,"date":"2024-07-25T12:58:54","date_gmt":"2024-07-25T12:58:54","guid":{"rendered":"http:\/\/dorfplatz.zeitmaschinchen.de\/?page_id=70"},"modified":"2024-09-05T07:16:19","modified_gmt":"2024-09-05T07:16:19","slug":"impressum","status":"publish","type":"page","link":"https:\/\/zeitmaschinchen.de\/dorfplatz\/impressum\/","title":{"rendered":"Impressum"},"content":{"rendered":"\n<article class=\"impressum-content page-padding\">\n<h1 class=\"page-title\">Impressum<\/h1>\n<div>\n<h2>Angaben gem\u00e4ss \u00a7 5 TMG<\/h2>\n<p>Das Freilichtmuseum Neuhausen ob Eck wird vom Landkreis Tuttlingen getragen und durch Museumsleiter Dr. Jochen Schicht vertreten.<\/p>\n<p>Freilichtmuseum Neuhausen ob Eck<br \/>Bahnhofstra\u00dfe 123<br \/>78532 Tuttlingen<br \/>Telefon: 07461 9263200<br \/>E-Mail:\u00a0<a class=\"csslink_email\" href=\"mailto:info@freilichtmuseum-neuhausen.de\">info@freilichtmuseum-neuhausen.de<br \/><\/a>Tr\u00e4ger: Landkreis Tuttlingen<\/p>\n<h2>Redaktion<\/h2>\n<p>Team des Freilichtmuseums Neuhausen ob Eck<br \/>Fotos: Freilichtmuseum Neuhausen ob Eck<\/p>\n<h2>Technische Umsetzung, Konzeption und Gestaltung<\/h2>\n<p><a href=\"https:\/\/erdmaennchenundbaer.de\">Erdm\u00e4nnchen&amp;B\u00e4r GmbH<\/a><\/p>\n<h2>Haftungsausschluss<\/h2>\n<p>Die hier ver\u00f6ffentlichten Daten sind urheberrechtlich gesch\u00fctzt.<br \/>Wir betonen ausdr\u00fccklich, dass wir keinerlei Einfluss auf die Gestaltung und die Inhalte der gelinkten Seiten haben. Deshalb distanzieren wir uns hiermit ausdr\u00fccklich von allen Inhalten aller gelinkten Seiten auf unserer gesamten Website inkl. aller Unterseiten. Diese Erkl\u00e4rung gilt f\u00fcr alle auf unserer Website aufgef\u00fchrten Links und f\u00fcr alle Inhalte der Seiten, zu denen Links f\u00fchren.<\/p>\n<h2>Datenschutz<\/h2>\n<p>Mit dem Zugriff auf diese Webseite, werden die Adresse und weitere Angaben (Datum, Uhrzeit, betrachtete Seite) des Benutzers f\u00fcr statistische Zwecke ausgewertet. F\u00fcr die Navigation werden Java Applets eingesetzt. Von der Versendung von E-Mails mit schutzw\u00fcrdigem Inhalt bitten wir Abstand zu nehmen, da die Gefahr besteht, dass dabei Unbefugte Kenntnis vom Inhalt erlangen oder die Nachricht verf\u00e4lschen k\u00f6nnten.<br \/><br \/>Informationen zum Datenschutz entnehmen Sie bitte unserer\u00a0<a class=\"csslink_intern\" href=\"https:\/\/freilichtmuseum-neuhausen.de\/index.php?La=1&amp;object=tx,3860.16.1&amp;kuo=2&amp;sub=0\" target=\"_self\" rel=\"noopener\">Datenschutzerkl\u00e4rung.<\/a><\/p>\n<h2>Urheber und Kennzeichnungsrecht<\/h2>\n<p>Das Freilichtmuseum Neuhausen ob Eck ist bestrebt, in allen Publikationen die Urheberrechte der verwendeten Grafiken, Tondokumente, Videosequenzen und Texte zu beachten. Sollten Sie dennoch eine Abbildung entdecken, von der Sie glauben, die Rechte zu besitzen, wenden Sie sich bitte an das Freilichtmuseum Neuhausen ob Eck, Abteilung Marketing. Alle innerhalb des Internetangebotes genannten und gegebenenfalls durch Dritte gesch\u00fctzten Marken und Warenzeichen unterliegen uneingeschr\u00e4nkt den Bestimmungen des Kennzeichnungs- und Besitzrechtes der jeweiligen Eigent\u00fcmer. Das Copyright der vom Freilichtmuseum Neuhausen ob Eck selbst erstellten Objekte bleibt allein beim Freilichtmuseum Neuhausen ob Eck.<\/p>\n<h2>Quellenangabe f\u00fcr die verwendeten Bilder und Grafiken<\/h2>\n<p>Soweit nicht anders angegeben: Freilichtmuseum Neuhausen ob Eck<\/p>\n<h2>Online-Streitbeilegung<\/h2>\n<p>Das Freilichtmuseum Neuhausen ob Eck\u00a0weist in Bezug auf das Gesetz \u00fcber Verbraucherstreitbeilegung darauf hin, dass sie nicht an einem freiwilligen Streitbeilegungsverfahren teilnimmt.<br \/><br \/><strong>Hinweis zur Online-Streitbeilegung gem\u00e4\u00df Art. 14 Abs. 1 ODR-VO<\/strong><br \/><br \/><strong>EU-Schiedsgerichtsstelle<\/strong><br \/>Die Europ\u00e4ische Kommission stellt eine Plattform zur Online-Streitbeilegung (OS) bereit, die Sie unter\u00a0<a class=\"csslink_extern\" title=\"Externer Link\" href=\"https:\/\/freilichtmuseum-neuhausen.de\/redirect.phtml?extlink=1&amp;La=1&amp;url_fid=3860.23.1\" target=\"_blank\" rel=\"noopener\">http:\/\/ec.europa.eu\/consumers\/odr\/<\/a>\u00a0abrufen k\u00f6nnen.<\/p>\n<\/div>\n<\/article>\n","protected":false},"excerpt":{"rendered":"","protected":false},"author":1,"featured_media":0,"parent":0,"menu_order":0,"comment_status":"closed","ping_status":"closed","template":"","meta":{"_acf_changed":false,"slim_seo":{"title":"Impressum - Zeitmaschinchen","description":""},"iawp_total_views":21,"footnotes":""},"class_list":["post-70","page","type-page","status-publish","hentry"],"acf":[],"_links":{"self":[{"href":"https:\/\/zeitmaschinchen.de\/dorfplatz\/wp-json\/wp\/v2\/pages\/70","targetHints":{"allow":["GET"]}}],"collection":[{"href":"https:\/\/zeitmaschinchen.de\/dorfplatz\/wp-json\/wp\/v2\/pages"}],"about":[{"href":"https:\/\/zeitmaschinchen.de\/dorfplatz\/wp-json\/wp\/v2\/types\/page"}],"author":[{"embeddable":true,"href":"https:\/\/zeitmaschinchen.de\/dorfplatz\/wp-json\/wp\/v2\/users\/1"}],"replies":[{"embeddable":true,"href":"https:\/\/zeitmaschinchen.de\/dorfplatz\/wp-json\/wp\/v2\/comments?post=70"}],"version-history":[{"count":0,"href":"https:\/\/zeitmaschinchen.de\/dorfplatz\/wp-json\/wp\/v2\/pages\/70\/revisions"}],"wp:attachment":[{"href":"https:\/\/zeitmaschinchen.de\/dorfplatz\/wp-json\/wp\/v2\/media?parent=70"}],"curies":[{"name":"wp","href":"https:\/\/api.w.org\/{rel}","templated":true}]}}